{"id":640,"date":"2025-12-03T16:26:41","date_gmt":"2025-12-03T14:26:41","guid":{"rendered":"https:\/\/platform.spark-project.eu\/?page_id=640"},"modified":"2026-01-07T17:12:36","modified_gmt":"2026-01-07T15:12:36","slug":"toolkit-for-youth-workers","status":"publish","type":"page","link":"https:\/\/platform.spark-project.eu\/pl\/resource-sharing\/toolkit-for-youth-workers\/","title":{"rendered":"Zestaw narz\u0119dzi (toolkit) dla pracownik\u00f3w m\u0142odzie\u017cowych"},"content":{"rendered":"\n<div><\/div>\n<div>\n<p>        <img decoding=\"async\" src=\"\/wp-content\/uploads\/2025\/12\/pdf-red.png\" alt=\"\"><\/p>\n<h3>Toolkit for Youth Workers<\/h3>\n<p><a href=\"\/wp-content\/uploads\/2025\/12\/SPARK_D2.3_Toolkit-for-Youth-Workers.pdf\"><\/a><\/p>\n<\/div>\n<p><img decoding=\"async\" src=\"\/wp-content\/uploads\/2025\/12\/Asset-2-1.png\" alt=\"\"><\/p>\n<p><!--more--><br \/>\n<!-- {\"type\":\"layout\",\"children\":[{\"type\":\"section\",\"props\":{\"image_position\":\"center-center\",\"style\":\"default\",\"title_breakpoint\":\"xl\",\"title_position\":\"top-left\",\"title_rotation\":\"left\",\"vertical_align\":\"middle\",\"width\":\"default\"},\"children\":[{\"type\":\"row\",\"children\":[{\"type\":\"column\",\"props\":{\"image_position\":\"center-center\",\"position_sticky_breakpoint\":\"m\"},\"children\":[{\"type\":\"breadcrumbs\",\"props\":{\"show_current\":true,\"show_home\":true}},{\"type\":\"headline\",\"props\":{\"title_color\":\"secondary\",\"title_element\":\"h1\"},\"source\":{\"query\":{\"name\":\"pages.singlePage\"},\"props\":{\"content\":{\"name\":\"title\"}}}},{\"type\":\"yoo_spacer\",\"props\":{\"spacer_element\":\"div\",\"spacer_height\":30}},{\"type\":\"panel\",\"props\":{\"content_column_breakpoint\":\"m\",\"css\":\".el-title{\\ncolor:#5E6584;}\\n\\n.el-element{\\n    padding:10px 0px 10px 20px;\\nbackground-color:\\n#F2F3F9;\\nborder-radius:20px;}\",\"icon_width\":80,\"image\":\"wp-content\\\/uploads\\\/2025\\\/12\\\/pdf-red.png\",\"image_align\":\"left\",\"image_grid_breakpoint\":\"m\",\"image_grid_column_gap\":\"small\",\"image_grid_row_gap\":\"small\",\"image_grid_width\":\"1-4\",\"image_link\":true,\"image_svg_color\":\"emphasis\",\"image_vertical_align\":true,\"link\":\"wp-content\\\/uploads\\\/2025\\\/12\\\/SPARK_D2.3_Toolkit-for-Youth-Workers.pdf\",\"link_style\":\"default\",\"link_text\":\"\",\"margin\":\"default\",\"maxwidth\":\"xlarge\",\"meta_align\":\"below-title\",\"meta_element\":\"div\",\"meta_style\":\"text-meta\",\"panel_link\":true,\"title\":\"Toolkit for Youth Workers\",\"title_align\":\"top\",\"title_element\":\"h3\",\"title_grid_breakpoint\":\"m\",\"title_grid_width\":\"1-2\",\"title_hover_style\":\"reset\",\"title_link\":true}},{\"type\":\"image\",\"props\":{\"image\":\"wp-content\\\/uploads\\\/2025\\\/12\\\/Asset-2-1.png\",\"image_svg_color\":\"emphasis\",\"margin\":\"default\",\"maxwidth\":\"2xlarge\"}}]}]}],\"name\":\"resource-sharing-post\"}],\"version\":\"4.5.32\"} --><\/p>\n","protected":false},"excerpt":{"rendered":"<p>Zestaw narz\u0119dzi (toolkit) dla pracownik\u00f3w m\u0142odzie\u017cowych<\/p>","protected":false},"author":1,"featured_media":0,"parent":634,"menu_order":0,"comment_status":"closed","ping_status":"closed","template":"","meta":{"_acf_changed":false,"_bbp_topic_count":0,"_bbp_reply_count":0,"_bbp_total_topic_count":0,"_bbp_total_reply_count":0,"_bbp_voice_count":0,"_bbp_anonymous_reply_count":0,"_bbp_topic_count_hidden":0,"_bbp_reply_count_hidden":0,"_bbp_forum_subforum_count":0,"footnotes":""},"class_list":["post-640","page","type-page","status-publish","hentry"],"acf":[],"_links":{"self":[{"href":"https:\/\/platform.spark-project.eu\/pl\/wp-json\/wp\/v2\/pages\/640","targetHints":{"allow":["GET"]}}],"collection":[{"href":"https:\/\/platform.spark-project.eu\/pl\/wp-json\/wp\/v2\/pages"}],"about":[{"href":"https:\/\/platform.spark-project.eu\/pl\/wp-json\/wp\/v2\/types\/page"}],"author":[{"embeddable":true,"href":"https:\/\/platform.spark-project.eu\/pl\/wp-json\/wp\/v2\/users\/1"}],"replies":[{"embeddable":true,"href":"https:\/\/platform.spark-project.eu\/pl\/wp-json\/wp\/v2\/comments?post=640"}],"version-history":[{"count":8,"href":"https:\/\/platform.spark-project.eu\/pl\/wp-json\/wp\/v2\/pages\/640\/revisions"}],"predecessor-version":[{"id":1015,"href":"https:\/\/platform.spark-project.eu\/pl\/wp-json\/wp\/v2\/pages\/640\/revisions\/1015"}],"up":[{"embeddable":true,"href":"https:\/\/platform.spark-project.eu\/pl\/wp-json\/wp\/v2\/pages\/634"}],"wp:attachment":[{"href":"https:\/\/platform.spark-project.eu\/pl\/wp-json\/wp\/v2\/media?parent=640"}],"curies":[{"name":"wp","href":"https:\/\/api.w.org\/{rel}","templated":true}]}}